{"id":1503,"date":"2022-12-03T07:49:50","date_gmt":"2022-12-03T07:49:50","guid":{"rendered":"https:\/\/www.sertemakina.com\/?page_id=1503"},"modified":"2022-12-03T09:21:00","modified_gmt":"2022-12-03T09:21:00","slug":"kalite-cevre-ve-isg-entegre-sistem-politikamiz","status":"publish","type":"page","link":"https:\/\/www.sertemakina.com\/index.php\/kalite-cevre-ve-isg-entegre-sistem-politikamiz\/","title":{"rendered":"Kalite \u00c7evre ve \u0130sg Entegre Sistem Politikam\u0131z"},"content":{"rendered":"<p><strong>\u00a0<\/strong><\/p>\n<p><strong>KAL\u0130TE, \u00c7EVRE VE \u0130SG<\/strong><\/p>\n<p><strong>ENTEGRE S\u0130STEM POL\u0130T\u0130KAMIZ<\/strong><\/p>\n<p><strong>\u00a0<\/strong><\/p>\n<p>SERTE olarak, t\u00fcm \u00e7al\u0131\u015fanlar\u0131m\u0131z\u0131n tam i\u015ftiraki ile, Altyap\u0131 ve \u00dcstyap\u0131 \u0130n\u015faat Taahh\u00fct i\u015flerimizde s\u00fcrekli geli\u015fme ve iyile\u015ftirmeyi taahh\u00fct etti\u011fimiz, m\u00fc\u015fteri memnuniyetini artt\u0131rmak ve m\u00fc\u015fteri ba\u011fl\u0131l\u0131\u011f\u0131n\u0131 yaratmak i\u00e7in her ko\u015fulda en iyi hizmeti vermeyi hedefledi\u011fimiz Entegre Sistem politikam\u0131z a\u015fa\u011f\u0131daki gibidir:<\/p>\n<ul>\n<li>T\u00fcm \u00e7al\u0131\u015fanlar\u0131m\u0131z\u0131n yeteneklerini en \u00fcst seviyede kullanabilen bireyler haline gelebilmeleri ve insan kayna\u011f\u0131m\u0131z\u0131n mutlulu\u011fu ve geli\u015fimi i\u00e7in e\u011fitime ve ekip \u00e7al\u0131\u015fmas\u0131na \u00f6nem vermek,<\/li>\n<li>\u0130\u00e7inde bulundu\u011fumuz topluma sayg\u0131l\u0131, uluslararas\u0131 \u00f6rnek bir kurulu\u015f olmak,<\/li>\n<li>Sekt\u00f6r\u00fcm\u00fcze ait teknolojik geli\u015fmeleri yak\u0131ndan takip etmek ve uygulamak,<\/li>\n<li>T\u00fcm ilgili taraflar\u0131m\u0131z ile uzun d\u00f6nem ba\u011flar\u0131m\u0131z\u0131n g\u00fc\u00e7lendirmek,<\/li>\n<li>Etkili ileti\u015fim, kat\u0131l\u0131mc\u0131 yakla\u015f\u0131m, yap\u0131c\u0131 ele\u015ftiri ve tak\u0131m \u00e7al\u0131\u015fmas\u0131 anlay\u0131\u015f\u0131n\u0131 benimsemek,<\/li>\n<li>Toplumun geli\u015fimine katk\u0131 sa\u011flayacak sosyal sorumluluk projelerine destek olmak,<\/li>\n<li>Her i\u015fi daha iyi yapacak bir y\u00f6ntemin, her i\u015fi daha iyi yapacak bir insan\u0131n var oldu\u011funu bilerek s\u00fcrekli geli\u015fimi i\u015fimizin bir par\u00e7as\u0131 k\u0131lmay\u0131,<\/li>\n<li>T\u00fcm \u00fcretim ve faaliyetlerimizde \u0130\u015f Sa\u011fl\u0131\u011f\u0131, G\u00fcvenli\u011fi ve \u00c7evre konular\u0131nda riskleri de\u011ferlendirerek, g\u00fcvenli bir \u00e7al\u0131\u015fma ortam\u0131 olu\u015fturmak ve bunu sa\u011flay\u0131c\u0131 koruyucu \u00f6nlemleri almak,<\/li>\n<li>\u00c7evre kirlili\u011fi ve \u0130SG riski olu\u015fturmayan \u00fcretim ve i\u015f ekipmanlar\u0131n\u0131 kullanarak, kriterlere uygun yeni teknolojileri kullanarak, teknik donan\u0131m ve tesislerimizin ideale ula\u015fmas\u0131n\u0131 sa\u011flamak;<\/li>\n<li>\u00c7evre kirlili\u011finin \u00f6nlenmesi, at\u0131klar\u0131n ayr\u0131\u015ft\u0131r\u0131larak \u00f6ncelikle geri d\u00f6n\u00fc\u015f\u00fcme kazand\u0131r\u0131lmas\u0131 ve uygun y\u00f6ntemlerle bertaraf edilmesini sa\u011flamak,<\/li>\n<li>\u0130\u015f Sa\u011fl\u0131\u011f\u0131, G\u00fcvenli\u011fi ve \u00c7evre ile ilgili yasal mevzuatlara uyarak, gereklilikleri yerine getirmek,<\/li>\n<li>Uygunluk y\u00fck\u00fcml\u00fcl\u00fcklerini yerine getirdi\u011fimizi taahh\u00fct ederek, mevcut kaynaklar\u0131 etkin ve verimli kullanmak,<\/li>\n<li>\u0130\u015f Sa\u011fl\u0131\u011f\u0131 G\u00fcvenli\u011fi kurallar\u0131n\u0131, gerek \u00e7al\u0131\u015fanlar\u0131m\u0131z, gerekse \u00e7al\u0131\u015fma alan\u0131m\u0131zla etkile\u015fim i\u00e7erisinde olan ziyaret\u00e7i ve vatanda\u015flar\u0131m\u0131z i\u00e7in kararl\u0131l\u0131kla uygulamak ve denetlemek.<\/li>\n<\/ul>\n<p>GENEL M\u00dcD\u00dcR<\/p>\n<p>\u0130skender K\u0130R\u0130\u015e\u00c7\u0130<\/p>\n","protected":false},"excerpt":{"rendered":"<p>\u00a0 KAL\u0130TE, \u00c7EVRE VE \u0130SG ENTEGRE S\u0130STEM POL\u0130T\u0130KAMIZ \u00a0 SERTE olarak, t\u00fcm \u00e7al\u0131\u015fanlar\u0131m\u0131z\u0131n tam i\u015ftiraki ile, Altyap\u0131 ve \u00dcstyap\u0131 \u0130n\u015faat Taahh\u00fct i\u015flerimizde s\u00fcrekli geli\u015fme ve iyile\u015ftirmeyi taahh\u00fct etti\u011fimiz, m\u00fc\u015fteri memnuniyetini artt\u0131rmak ve m\u00fc\u015fteri ba\u011fl\u0131l\u0131\u011f\u0131n\u0131 yaratmak i\u00e7in her ko\u015fulda en iyi hizmeti vermeyi hedefledi\u011fimiz Entegre Sistem politikam\u0131z a\u015fa\u011f\u0131daki gibidir: T\u00fcm \u00e7al\u0131\u015fanlar\u0131m\u0131z\u0131n yeteneklerini en \u00fcst seviyede kullanabilen [&hellip;]<\/p>\n","protected":false},"author":2,"featured_media":0,"parent":0,"menu_order":0,"comment_status":"closed","ping_status":"closed","template":"","meta":[],"_links":{"self":[{"href":"https:\/\/www.sertemakina.com\/index.php\/wp-json\/wp\/v2\/pages\/1503"}],"collection":[{"href":"https:\/\/www.sertemakina.com\/index.php\/wp-json\/wp\/v2\/pages"}],"about":[{"href":"https:\/\/www.sertemakina.com\/index.php\/wp-json\/wp\/v2\/types\/page"}],"author":[{"embeddable":true,"href":"https:\/\/www.sertemakina.com\/index.php\/wp-json\/wp\/v2\/users\/2"}],"replies":[{"embeddable":true,"href":"https:\/\/www.sertemakina.com\/index.php\/wp-json\/wp\/v2\/comments?post=1503"}],"version-history":[{"count":6,"href":"https:\/\/www.sertemakina.com\/index.php\/wp-json\/wp\/v2\/pages\/1503\/revisions"}],"predecessor-version":[{"id":1521,"href":"https:\/\/www.sertemakina.com\/index.php\/wp-json\/wp\/v2\/pages\/1503\/revisions\/1521"}],"wp:attachment":[{"href":"https:\/\/www.sertemakina.com\/index.php\/wp-json\/wp\/v2\/media?parent=1503"}],"curies":[{"name":"wp","href":"https:\/\/api.w.org\/{rel}","templated":true}]}}